{"id":132,"date":"2016-03-08T23:02:25","date_gmt":"2016-03-08T23:02:25","guid":{"rendered":"http:\/\/sharqi.ch\/?page_id=132"},"modified":"2020-04-20T11:16:11","modified_gmt":"2020-04-20T11:16:11","slug":"galerie-images","status":"publish","type":"page","link":"https:\/\/sharqi.ch\/?page_id=132","title":{"rendered":"Galerie images"},"content":{"rendered":"<figure id=\"attachment_137\" aria-describedby=\"caption-attachment-137\" style=\"width: 225px\" class=\"wp-caption alignright\"><a href=\"http:\/\/sharqi.ch\/wp-content\/uploads\/2016\/04\/IMG_4065-e1461687343116.jpg\" rel=\"attachment wp-att-137\"><img decoding=\"async\" loading=\"lazy\" class=\"size-medium wp-image-137\" src=\"http:\/\/sharqi.ch\/wp-content\/uploads\/2016\/04\/IMG_4065-e1461687343116-225x300.jpg\" alt=\"Danses sur le Nil\" width=\"225\" height=\"300\" srcset=\"https:\/\/sharqi.ch\/wp-content\/uploads\/2016\/04\/IMG_4065-e1461687343116-225x300.jpg 225w, https:\/\/sharqi.ch\/wp-content\/uploads\/2016\/04\/IMG_4065-e1461687343116-768x1024.jpg 768w\" sizes=\"(max-width: 225px) 100vw, 225px\" \/><\/a><figcaption id=\"caption-attachment-137\" class=\"wp-caption-text\">Egypte mars 2016<\/figcaption><\/figure>\n<p><a href=\"http:\/\/sharqi.ch\/wp-content\/uploads\/2020\/04\/IMG_1739-scaled.jpg\"><img decoding=\"async\" loading=\"lazy\" class=\"alignnone size-medium wp-image-263\" src=\"http:\/\/sharqi.ch\/wp-content\/uploads\/2020\/04\/IMG_1739-225x300.jpg\" alt=\"\" width=\"225\" height=\"300\" srcset=\"https:\/\/sharqi.ch\/wp-content\/uploads\/2020\/04\/IMG_1739-225x300.jpg 225w, https:\/\/sharqi.ch\/wp-content\/uploads\/2020\/04\/IMG_1739-768x1024.jpg 768w, https:\/\/sharqi.ch\/wp-content\/uploads\/2020\/04\/IMG_1739-1152x1536.jpg 1152w, https:\/\/sharqi.ch\/wp-content\/uploads\/2020\/04\/IMG_1739-1536x2048.jpg 1536w, https:\/\/sharqi.ch\/wp-content\/uploads\/2020\/04\/IMG_1739-scaled.jpg 1920w\" sizes=\"(max-width: 225px) 100vw, 225px\" \/><\/a><\/p>\n<p><a href=\"http:\/\/sharqi.ch\/wp-content\/uploads\/2019\/08\/OTJC9140.jpg\"><img decoding=\"async\" loading=\"lazy\" class=\"alignnone size-medium wp-image-233\" src=\"http:\/\/sharqi.ch\/wp-content\/uploads\/2019\/08\/OTJC9140-190x300.jpg\" alt=\"\" width=\"190\" height=\"300\" srcset=\"https:\/\/sharqi.ch\/wp-content\/uploads\/2019\/08\/OTJC9140-190x300.jpg 190w, https:\/\/sharqi.ch\/wp-content\/uploads\/2019\/08\/OTJC9140-768x1216.jpg 768w, https:\/\/sharqi.ch\/wp-content\/uploads\/2019\/08\/OTJC9140-647x1024.jpg 647w, https:\/\/sharqi.ch\/wp-content\/uploads\/2019\/08\/OTJC9140.jpg 971w\" sizes=\"(max-width: 190px) 100vw, 190px\" \/><\/a><\/p>\n<p><a href=\"http:\/\/sharqi.ch\/wp-content\/uploads\/2015\/11\/Anniversaire-Monique-030.jpg\"><img decoding=\"async\" loading=\"lazy\" class=\"alignnone size-medium wp-image-110\" src=\"http:\/\/sharqi.ch\/wp-content\/uploads\/2015\/11\/Anniversaire-Monique-030-225x300.jpg\" alt=\"\" width=\"225\" height=\"300\" srcset=\"https:\/\/sharqi.ch\/wp-content\/uploads\/2015\/11\/Anniversaire-Monique-030-225x300.jpg 225w, https:\/\/sharqi.ch\/wp-content\/uploads\/2015\/11\/Anniversaire-Monique-030-768x1024.jpg 768w, https:\/\/sharqi.ch\/wp-content\/uploads\/2015\/11\/Anniversaire-Monique-030.jpg 1728w\" sizes=\"(max-width: 225px) 100vw, 225px\" \/><\/a><\/p>\n<p><a href=\"http:\/\/sharqi.ch\/wp-content\/uploads\/2019\/08\/NNKA6157.jpg\"><img decoding=\"async\" loading=\"lazy\" class=\"size-medium wp-image-234 aligncenter\" src=\"http:\/\/sharqi.ch\/wp-content\/uploads\/2019\/08\/NNKA6157-219x300.jpg\" alt=\"\" width=\"219\" height=\"300\" srcset=\"https:\/\/sharqi.ch\/wp-content\/uploads\/2019\/08\/NNKA6157-219x300.jpg 219w, https:\/\/sharqi.ch\/wp-content\/uploads\/2019\/08\/NNKA6157-768x1052.jpg 768w, https:\/\/sharqi.ch\/wp-content\/uploads\/2019\/08\/NNKA6157-748x1024.jpg 748w, https:\/\/sharqi.ch\/wp-content\/uploads\/2019\/08\/NNKA6157.jpg 972w\" sizes=\"(max-width: 219px) 100vw, 219px\" \/><\/a><\/p>\n<p><a href=\"http:\/\/sharqi.ch\/wp-content\/uploads\/2016\/04\/IMG_4096-e1461687537894.jpg\" rel=\"attachment wp-att-138\"><img decoding=\"async\" loading=\"lazy\" class=\"alignnone size-medium wp-image-138\" src=\"http:\/\/sharqi.ch\/wp-content\/uploads\/2016\/04\/IMG_4096-e1461687537894-225x300.jpg\" alt=\"IMG_4096\" width=\"225\" height=\"300\" srcset=\"https:\/\/sharqi.ch\/wp-content\/uploads\/2016\/04\/IMG_4096-e1461687537894-225x300.jpg 225w, https:\/\/sharqi.ch\/wp-content\/uploads\/2016\/04\/IMG_4096-e1461687537894-768x1024.jpg 768w\" sizes=\"(max-width: 225px) 100vw, 225px\" \/><\/a><a href=\"http:\/\/sharqi.ch\/wp-content\/uploads\/2016\/04\/IMG_4100-e1461687598197.jpg\" rel=\"attachment wp-att-139\"><img decoding=\"async\" loading=\"lazy\" class=\"size-medium wp-image-139 alignright\" src=\"http:\/\/sharqi.ch\/wp-content\/uploads\/2016\/04\/IMG_4100-e1461687598197-225x300.jpg\" alt=\"IMG_4100\" width=\"225\" height=\"300\" srcset=\"https:\/\/sharqi.ch\/wp-content\/uploads\/2016\/04\/IMG_4100-e1461687598197-225x300.jpg 225w, https:\/\/sharqi.ch\/wp-content\/uploads\/2016\/04\/IMG_4100-e1461687598197-768x1024.jpg 768w\" sizes=\"(max-width: 225px) 100vw, 225px\" \/><\/a><\/p>\n<figure id=\"attachment_140\" aria-describedby=\"caption-attachment-140\" style=\"width: 300px\" class=\"wp-caption alignnone\"><a href=\"http:\/\/sharqi.ch\/wp-content\/uploads\/2016\/04\/IMG_4165-e1461687696711.jpg\" rel=\"attachment wp-att-140\"><img decoding=\"async\" loading=\"lazy\" class=\"size-medium wp-image-140\" src=\"http:\/\/sharqi.ch\/wp-content\/uploads\/2016\/04\/IMG_4165-e1461687696711-300x225.jpg\" alt=\"Merveilleuse croisi\u00e8re sur le Nil de Louxor \u00e0 Assouan sur un dahabeya Sonesta Amirat et avec le tour op\u00e9rateur Memphis Tours.\" width=\"300\" height=\"225\" srcset=\"https:\/\/sharqi.ch\/wp-content\/uploads\/2016\/04\/IMG_4165-e1461687696711-300x225.jpg 300w, https:\/\/sharqi.ch\/wp-content\/uploads\/2016\/04\/IMG_4165-e1461687696711-768x576.jpg 768w, https:\/\/sharqi.ch\/wp-content\/uploads\/2016\/04\/IMG_4165-e1461687696711-1024x768.jpg 1024w\" sizes=\"(max-width: 300px) 100vw, 300px\" \/><\/a><figcaption id=\"caption-attachment-140\" class=\"wp-caption-text\">Merveilleuse croisi\u00e8re sur le Nil de Louxor \u00e0 Assouan sur un dahabeya Sonesta Amirat et avec le tour op\u00e9rateur Memphis Tours.<\/figcaption><\/figure>\n<figure id=\"attachment_145\" aria-describedby=\"caption-attachment-145\" style=\"width: 300px\" class=\"wp-caption alignnone\"><a href=\"http:\/\/sharqi.ch\/wp-content\/uploads\/2016\/04\/IMG_4113.jpg\" rel=\"attachment wp-att-145\"><img decoding=\"async\" loading=\"lazy\" class=\"wp-image-145 size-medium\" src=\"http:\/\/sharqi.ch\/wp-content\/uploads\/2016\/04\/IMG_4113-300x225.jpg\" alt=\"IMG_4113\" width=\"300\" height=\"225\" srcset=\"https:\/\/sharqi.ch\/wp-content\/uploads\/2016\/04\/IMG_4113-300x225.jpg 300w, https:\/\/sharqi.ch\/wp-content\/uploads\/2016\/04\/IMG_4113-768x576.jpg 768w, https:\/\/sharqi.ch\/wp-content\/uploads\/2016\/04\/IMG_4113-1024x768.jpg 1024w\" sizes=\"(max-width: 300px) 100vw, 300px\" \/><\/a><figcaption id=\"caption-attachment-145\" class=\"wp-caption-text\">Staff du dahabeya Sonesta Amirat et Ahmed guide \u00e9gyptologue<\/figcaption><\/figure>\n<p><a href=\"http:\/\/sharqi.ch\/wp-content\/uploads\/2015\/03\/Anniversaire-Monique-044.jpg\"><img decoding=\"async\" loading=\"lazy\" class=\"size-medium wp-image-16 alignnone\" src=\"http:\/\/sharqi.ch\/wp-content\/uploads\/2015\/03\/Anniversaire-Monique-044-225x300.jpg\" alt=\"\" width=\"225\" height=\"300\" srcset=\"https:\/\/sharqi.ch\/wp-content\/uploads\/2015\/03\/Anniversaire-Monique-044-225x300.jpg 225w, https:\/\/sharqi.ch\/wp-content\/uploads\/2015\/03\/Anniversaire-Monique-044-768x1024.jpg 768w, https:\/\/sharqi.ch\/wp-content\/uploads\/2015\/03\/Anniversaire-Monique-044.jpg 1728w\" sizes=\"(max-width: 225px) 100vw, 225px\" \/><\/a><\/p>\n<p style=\"text-align: left;\">\n","protected":false},"excerpt":{"rendered":"","protected":false},"author":1,"featured_media":0,"parent":0,"menu_order":5,"comment_status":"closed","ping_status":"closed","template":"","meta":[],"_links":{"self":[{"href":"https:\/\/sharqi.ch\/index.php?rest_route=\/wp\/v2\/pages\/132"}],"collection":[{"href":"https:\/\/sharqi.ch\/index.php?rest_route=\/wp\/v2\/pages"}],"about":[{"href":"https:\/\/sharqi.ch\/index.php?rest_route=\/wp\/v2\/types\/page"}],"author":[{"embeddable":true,"href":"https:\/\/sharqi.ch\/index.php?rest_route=\/wp\/v2\/users\/1"}],"replies":[{"embeddable":true,"href":"https:\/\/sharqi.ch\/index.php?rest_route=%2Fwp%2Fv2%2Fcomments&post=132"}],"version-history":[{"count":9,"href":"https:\/\/sharqi.ch\/index.php?rest_route=\/wp\/v2\/pages\/132\/revisions"}],"predecessor-version":[{"id":267,"href":"https:\/\/sharqi.ch\/index.php?rest_route=\/wp\/v2\/pages\/132\/revisions\/267"}],"wp:attachment":[{"href":"https:\/\/sharqi.ch\/index.php?rest_route=%2Fwp%2Fv2%2Fmedia&parent=132"}],"curies":[{"name":"wp","href":"https:\/\/api.w.org\/{rel}","templated":true}]}}