{"id":271,"date":"2023-02-15T17:29:31","date_gmt":"2023-02-15T17:29:31","guid":{"rendered":"http:\/\/sharqi.ch\/?page_id=271"},"modified":"2023-02-16T07:45:07","modified_gmt":"2023-02-16T07:45:07","slug":"atelier-danse-orientale","status":"publish","type":"page","link":"https:\/\/sharqi.ch\/?page_id=271","title":{"rendered":"Atelier danse orientale"},"content":{"rendered":"\n<p><strong>Atelier danse orientale<\/strong><\/p>\n\n\n\n<p><strong>La Danse Orientale \u00ab\u00a0El raqs el Sharki\u00a0\u00bb est un chemin vers l\u2019\u00e9panouissement, un m\u00e9lange de gr\u00e2ce et de sensualit\u00e9.<\/strong><\/p>\n\n\n\n<p>\u00ab\u00a0L\u2019\u00e2me du philosophe veille dans sa t\u00eate, l\u2019\u00e2me du po\u00e8te vole dans son c\u0153ur, l\u2019\u00e2me du chanteur vibre dans sa gorge, mais l\u2019\u00e2me de la danseuse vit dans son corps tout entier\u00a0\u00bb.<\/p>\n\n\n\n<p>Une nouvelle exp\u00e9rience avec votre corps, ou chacun de vos mouvements sera un hymne \u00e0 la beaut\u00e9.<\/p>\n\n\n\n<p>La danse orientale est excellente pour le corps et l\u2019esprit, elle s\u2019adresse \u00e0 toutes les femmes sans distinction d\u2019\u00e2ge, de formes ou de cultures.<\/p>\n\n\n\n<p>Cette danse mill\u00e9naire et multiple permet avant tout d\u2019entrer en contact avec son corps, de prendre conscience et d\u2019aimer cette pr\u00e9cieuse enveloppe. Elle aide \u00e0 avoir confiance, \u00e0 pr\u00e9server jeunesse et souplesse. La pratique r\u00e9guli\u00e8re permet d\u2019affermir et redresser la silhouette.<\/p>\n\n\n\n<p><strong><u>Atelier de 8 cours le vendredi de 18h \u00e0 19h30<\/u><\/strong><strong>&nbsp;<\/strong><\/p>\n\n\n\n<ol>\n<li><strong>24 mars<\/strong>, 21 avril, 28 avril, 5 mai, 12 mai, 2 juin, 9 juin, 16 juin<br><\/li>\n\n\n\n<li><strong>1er septembre<\/strong>, 8 septembre, 29 septembre, 6 octobre, 13 octobre, 3 novembre, 17 novembre, 24 novembre<\/li>\n<\/ol>\n\n\n\n<p><strong>D\u00e9roulement d\u2019une le\u00e7on&nbsp;:<\/strong><\/p>\n\n\n\n<ul>\n<li>Echauffement<\/li>\n\n\n\n<li>Travail des diff\u00e9rentes parties du corps<\/li>\n\n\n\n<li>D\u00e9couvrir l\u2019espace<\/li>\n\n\n\n<li>Echa\u00eenements de mouvements<\/li>\n\n\n\n<li>Chor\u00e9graphie simple<\/li>\n<\/ul>\n\n\n\n<p><strong>Lieu&nbsp;: Fitness Passion, Crissier, Ch. de la Colice 2, parking gratuit, 2 minutes autoroute.<\/strong><\/p>\n\n\n\n<p>Minimum 6 inscriptions, maximum 12 personnes<\/p>\n\n\n\n<p>Tarif CHF 480.- les 8 cours<\/p>\n\n\n\n<p><mark style=\"background-color:rgba(0, 0, 0, 0)\" class=\"has-inline-color has-black-color\">(Amenez une amie et b\u00e9n\u00e9ficiez d\u2019un rabais de 10%)<\/mark><\/p>\n\n\n\n<p><strong>Conditions g\u00e9n\u00e9rales&nbsp;: <\/strong><\/p>\n\n\n\n<p>1<sup>er<\/sup> cours, la moiti\u00e9 du r\u00e8glement, solde au 28 avril. Pour toute annulation survenant moins de 48 heures avant le 1er cours, la totalit\u00e9 de la finance d\u2019inscription est due.<\/p>\n\n\n\n<p>Renseignements  +41 78 845 15 77<\/p>\n\n\n\n<p>1 clic ici pour votre :<a href=\"http:\/\/sharqi.ch\/?page_id=278\"> <strong><mark style=\"background-color:rgba(0, 0, 0, 0)\" class=\"has-inline-color has-green-color\">Inscription<\/mark><\/strong><\/a><\/p>\n","protected":false},"excerpt":{"rendered":"<p>Atelier danse orientale La Danse Orientale \u00ab\u00a0El raqs el Sharki\u00a0\u00bb est un chemin vers l\u2019\u00e9panouissement, un m\u00e9lange de gr\u00e2ce et de sensualit\u00e9. \u00ab\u00a0L\u2019\u00e2me du philosophe veille dans sa t\u00eate, l\u2019\u00e2me du po\u00e8te vole dans son c\u0153ur, l\u2019\u00e2me du chanteur vibre dans sa gorge, mais l\u2019\u00e2me de la danseuse vit dans son corps tout entier\u00a0\u00bb. Une &hellip; <a href=\"https:\/\/sharqi.ch\/?page_id=271\" class=\"more-link\">Continuer la lecture de <span class=\"screen-reader-text\">Atelier danse orientale<\/span>  <span class=\"meta-nav\">&rarr;<\/span><\/a><\/p>\n","protected":false},"author":1,"featured_media":0,"parent":0,"menu_order":0,"comment_status":"closed","ping_status":"closed","template":"","meta":[],"_links":{"self":[{"href":"https:\/\/sharqi.ch\/index.php?rest_route=\/wp\/v2\/pages\/271"}],"collection":[{"href":"https:\/\/sharqi.ch\/index.php?rest_route=\/wp\/v2\/pages"}],"about":[{"href":"https:\/\/sharqi.ch\/index.php?rest_route=\/wp\/v2\/types\/page"}],"author":[{"embeddable":true,"href":"https:\/\/sharqi.ch\/index.php?rest_route=\/wp\/v2\/users\/1"}],"replies":[{"embeddable":true,"href":"https:\/\/sharqi.ch\/index.php?rest_route=%2Fwp%2Fv2%2Fcomments&post=271"}],"version-history":[{"count":7,"href":"https:\/\/sharqi.ch\/index.php?rest_route=\/wp\/v2\/pages\/271\/revisions"}],"predecessor-version":[{"id":289,"href":"https:\/\/sharqi.ch\/index.php?rest_route=\/wp\/v2\/pages\/271\/revisions\/289"}],"wp:attachment":[{"href":"https:\/\/sharqi.ch\/index.php?rest_route=%2Fwp%2Fv2%2Fmedia&parent=271"}],"curies":[{"name":"wp","href":"https:\/\/api.w.org\/{rel}","templated":true}]}}