{"id":31,"date":"2015-03-17T22:03:56","date_gmt":"2015-03-17T22:03:56","guid":{"rendered":"http:\/\/sharqi.ch\/?page_id=31"},"modified":"2020-04-20T11:17:08","modified_gmt":"2020-04-20T11:17:08","slug":"mon-parcours","status":"publish","type":"page","link":"https:\/\/sharqi.ch\/?page_id=31","title":{"rendered":"Mon parcours"},"content":{"rendered":"<h6><strong><span style=\"color: #800080;\">Pour la petite histoire, mon parcours personnel&#8230;<\/span><\/strong><\/h6>\n<p><strong><span style=\"color: #800080;\">Avant de savoir marcher, je balan\u00e7ais mes hanches au rythme de la musique et la danse a toujours fait partie de mon quotidien, une v\u00e9ritable passion !<\/span><\/strong><\/p>\n<p><strong><span style=\"color: #800080;\">D\u00e8s 1980 : formation et cours pr\u00e9paratoires semi-professionnelle (18h. hebdomadaires) en ballet classique\u00a0 aupr\u00e8s de Philippe Dahlmann, puis aupr\u00e8s de Nicole Lieber, aupr\u00e8s des s\u0153urs Schild pour les pointes, la danse jazz aupr\u00e8s de Fabienne Morand, ainsi que diff\u00e9rents stages internationaux comme aupr\u00e8s de Luigi \u00e0 New-York.<\/span><\/strong><\/p>\n<p><strong><span style=\"color: #800080;\">De 1980 \u00e0 1985 : entra\u00eenements et diverses comp\u00e9titions en rock and roll acrobatique<\/span><\/strong><\/p>\n<p><strong><span style=\"color: #800080;\">D\u00e8s 1982 : professeur de fitness, et cours priv\u00e9s tout en poursuivant les diff\u00e9rents cours de danse<\/span><\/strong><\/p>\n<p><strong><span style=\"color: #800080;\">De 1990 \u00e0 1995 : Unit\u00e9 magique Fabiola &amp; Carole : cr\u00e9ation &amp; animation de spectacles de danse pour des anniversaires, mariages et soir\u00e9es priv\u00e9es<\/span><\/strong><\/p>\n<p><strong><span style=\"color: #800080;\">De 1996 \u00e0 2012 : professeur d\u2019aquagym (dipl\u00f4m\u00e9e d\u2019Instructor Speedo Aquatic Fitness)<\/span><\/strong><\/p>\n<p><strong><span style=\"color: #800080;\">D\u00e8s 2000 \u00e0 ce jour: cours de danse orientale ainsi que diff\u00e9rents stages<\/span><\/strong><\/p>\n<p><strong><span style=\"color: #800080;\">2006-2007 : cours priv\u00e9 aupr\u00e8s d&rsquo;Amira \u00e0 Berne pour enseigner la danse orientale<\/span><\/strong><\/p>\n<p><strong><span style=\"color: #800080;\">2007 : stage intensif priv\u00e9 \u00e0 Alexandrie, en Egypte aupr\u00e8s d\u2019Ali El Gendhi<\/span><\/strong><\/p>\n<p><strong><span style=\"color: #800080;\">2011 \u00e0 2014 : cours de <\/span><span style=\"color: #800080;\">claquettes \u00e0 l&rsquo;\u00e9cole de Danse Martin<\/span><span style=\"color: #800080;\"><br \/>\n<\/span><\/strong><\/p>\n<p><strong><span style=\"color: #800080;\">D\u00e8s 2010 \u00e0 ce jour : enseignement de la danse orientale ainsi que divers stages pour d\u00e9butantes et interm\u00e9diaires\u00a0(initiation,\u00a0danse avec le voile, la canne, les Ailes d&rsquo;Isis).<\/span><span style=\"color: #800080;\"><br \/>\n<\/span><\/strong><\/p>\n<p><a href=\"http:\/\/sharqi.ch\/wp-content\/uploads\/2015\/03\/Anniversaire-Monique-030.jpg\"><img decoding=\"async\" loading=\"lazy\" class=\"alignnone size-medium wp-image-13\" src=\"http:\/\/sharqi.ch\/wp-content\/uploads\/2015\/03\/Anniversaire-Monique-030-225x300.jpg\" alt=\"Anniversaire Monique 030\" width=\"225\" height=\"300\" srcset=\"https:\/\/sharqi.ch\/wp-content\/uploads\/2015\/03\/Anniversaire-Monique-030-225x300.jpg 225w, https:\/\/sharqi.ch\/wp-content\/uploads\/2015\/03\/Anniversaire-Monique-030-768x1024.jpg 768w, https:\/\/sharqi.ch\/wp-content\/uploads\/2015\/03\/Anniversaire-Monique-030.jpg 1728w\" sizes=\"(max-width: 225px) 100vw, 225px\" \/><\/a><a href=\"http:\/\/sharqi.ch\/wp-content\/uploads\/2015\/03\/Anniversaire-Monique-038.jpg\"><img decoding=\"async\" loading=\"lazy\" class=\"size-medium wp-image-14 alignright\" src=\"http:\/\/sharqi.ch\/wp-content\/uploads\/2015\/03\/Anniversaire-Monique-038-225x300.jpg\" alt=\"\" width=\"225\" height=\"300\" srcset=\"https:\/\/sharqi.ch\/wp-content\/uploads\/2015\/03\/Anniversaire-Monique-038-225x300.jpg 225w, https:\/\/sharqi.ch\/wp-content\/uploads\/2015\/03\/Anniversaire-Monique-038-768x1024.jpg 768w, https:\/\/sharqi.ch\/wp-content\/uploads\/2015\/03\/Anniversaire-Monique-038.jpg 1728w\" sizes=\"(max-width: 225px) 100vw, 225px\" \/><\/a><\/p>\n","protected":false},"excerpt":{"rendered":"<p>Pour la petite histoire, mon parcours personnel&#8230; Avant de savoir marcher, je balan\u00e7ais mes hanches au rythme de la musique et la danse a toujours fait partie de mon quotidien, une v\u00e9ritable passion ! D\u00e8s 1980 : formation et cours pr\u00e9paratoires semi-professionnelle (18h. hebdomadaires) en ballet classique\u00a0 aupr\u00e8s de Philippe Dahlmann, puis aupr\u00e8s de Nicole &hellip; <a href=\"https:\/\/sharqi.ch\/?page_id=31\" class=\"more-link\">Continuer la lecture de <span class=\"screen-reader-text\">Mon parcours<\/span>  <span class=\"meta-nav\">&rarr;<\/span><\/a><\/p>\n","protected":false},"author":1,"featured_media":0,"parent":0,"menu_order":7,"comment_status":"closed","ping_status":"closed","template":"","meta":[],"_links":{"self":[{"href":"https:\/\/sharqi.ch\/index.php?rest_route=\/wp\/v2\/pages\/31"}],"collection":[{"href":"https:\/\/sharqi.ch\/index.php?rest_route=\/wp\/v2\/pages"}],"about":[{"href":"https:\/\/sharqi.ch\/index.php?rest_route=\/wp\/v2\/types\/page"}],"author":[{"embeddable":true,"href":"https:\/\/sharqi.ch\/index.php?rest_route=\/wp\/v2\/users\/1"}],"replies":[{"embeddable":true,"href":"https:\/\/sharqi.ch\/index.php?rest_route=%2Fwp%2Fv2%2Fcomments&post=31"}],"version-history":[{"count":9,"href":"https:\/\/sharqi.ch\/index.php?rest_route=\/wp\/v2\/pages\/31\/revisions"}],"predecessor-version":[{"id":268,"href":"https:\/\/sharqi.ch\/index.php?rest_route=\/wp\/v2\/pages\/31\/revisions\/268"}],"wp:attachment":[{"href":"https:\/\/sharqi.ch\/index.php?rest_route=%2Fwp%2Fv2%2Fmedia&parent=31"}],"curies":[{"name":"wp","href":"https:\/\/api.w.org\/{rel}","templated":true}]}}