{"id":33,"date":"2015-03-17T22:05:43","date_gmt":"2015-03-17T22:05:43","guid":{"rendered":"http:\/\/sharqi.ch\/?page_id=33"},"modified":"2020-04-20T11:12:50","modified_gmt":"2020-04-20T11:12:50","slug":"evenements","status":"publish","type":"page","link":"https:\/\/sharqi.ch\/?page_id=33","title":{"rendered":"\u00c9v\u00e8nements"},"content":{"rendered":"<h4 style=\"text-align: center;\"><span style=\"color: #800080;\"><strong><a href=\"http:\/\/sharqi.ch\/wp-content\/uploads\/2020\/04\/IMG_3367-1-scaled.jpg\"><img decoding=\"async\" loading=\"lazy\" class=\"size-medium wp-image-262 alignleft\" src=\"http:\/\/sharqi.ch\/wp-content\/uploads\/2020\/04\/IMG_3367-1-225x300.jpg\" alt=\"\" width=\"225\" height=\"300\" srcset=\"https:\/\/sharqi.ch\/wp-content\/uploads\/2020\/04\/IMG_3367-1-225x300.jpg 225w, https:\/\/sharqi.ch\/wp-content\/uploads\/2020\/04\/IMG_3367-1-768x1024.jpg 768w, https:\/\/sharqi.ch\/wp-content\/uploads\/2020\/04\/IMG_3367-1-1152x1536.jpg 1152w, https:\/\/sharqi.ch\/wp-content\/uploads\/2020\/04\/IMG_3367-1-1536x2048.jpg 1536w, https:\/\/sharqi.ch\/wp-content\/uploads\/2020\/04\/IMG_3367-1-scaled.jpg 1920w\" sizes=\"(max-width: 225px) 100vw, 225px\" \/><\/a><a href=\"http:\/\/sharqi.ch\/wp-content\/uploads\/2016\/04\/IMG_4096-e1461687537894.jpg\"><img decoding=\"async\" loading=\"lazy\" class=\"alignnone size-medium wp-image-138\" src=\"http:\/\/sharqi.ch\/wp-content\/uploads\/2016\/04\/IMG_4096-e1461687537894-225x300.jpg\" alt=\"\" width=\"225\" height=\"300\" srcset=\"https:\/\/sharqi.ch\/wp-content\/uploads\/2016\/04\/IMG_4096-e1461687537894-225x300.jpg 225w, https:\/\/sharqi.ch\/wp-content\/uploads\/2016\/04\/IMG_4096-e1461687537894-768x1024.jpg 768w\" sizes=\"(max-width: 225px) 100vw, 225px\" \/>\u00a0<\/a> <a href=\"http:\/\/sharqi.ch\/wp-content\/uploads\/2019\/08\/OTJC9140.jpg\"><img decoding=\"async\" loading=\"lazy\" class=\"size-medium wp-image-233 aligncenter\" src=\"http:\/\/sharqi.ch\/wp-content\/uploads\/2019\/08\/OTJC9140-190x300.jpg\" alt=\"\" width=\"190\" height=\"300\" srcset=\"https:\/\/sharqi.ch\/wp-content\/uploads\/2019\/08\/OTJC9140-190x300.jpg 190w, https:\/\/sharqi.ch\/wp-content\/uploads\/2019\/08\/OTJC9140-768x1216.jpg 768w, https:\/\/sharqi.ch\/wp-content\/uploads\/2019\/08\/OTJC9140-647x1024.jpg 647w, https:\/\/sharqi.ch\/wp-content\/uploads\/2019\/08\/OTJC9140.jpg 971w\" sizes=\"(max-width: 190px) 100vw, 190px\" \/><\/a><\/strong><\/span><\/h4>\n<h4 style=\"text-align: center;\"><span style=\"color: #800080;\"><strong>Soir\u00e9es \u00e9v\u00e8nementielles<br \/>\n<\/strong><\/span><\/h4>\n<p><span style=\"color: #800080;\"><strong>D\u00e8s 2005:<\/strong><\/span><\/p>\n<ul>\n<li><strong><span style=\"color: #800080;\">Spectacle chez Barnab\u00e9 \u00e0 Servion (12.2005)<br \/>\n<\/span><\/strong><\/li>\n<li><strong><span style=\"color: #800080;\"> Amira \u00e9cole de danse orientale \u00e0 Berne (2007)<br \/>\n<\/span><\/strong><\/li>\n<li><strong><span style=\"color: #800080;\">Animations soir\u00e9es du personnel : Ecole h\u00f4teli\u00e8re \u00e0 Lausanne, H\u00f4tel M\u00f6venpick \u00e0 Gen\u00e8ve, H\u00f4tel Beau-Rivage \u00e0 Gen\u00e8ve, H\u00f4tel de La Paix \u00e0 Gen\u00e8ve (11.2012 et 02.2013) <\/span><\/strong><\/li>\n<li><strong><span style=\"color: #800080;\">Show Ecole de danse Sharqi avec mes \u00e9l\u00e8ves (06.2012)<\/span><\/strong><\/li>\n<li><strong><span style=\"color: #800080;\">Mariage au Palais Oriental \u00e0 Montreux (08.2014)<br \/>\n<\/span><\/strong><\/li>\n<li><strong><span style=\"color: #800080;\"> Animations soir\u00e9es priv\u00e9es anniversaires en France (08.2013) et en Suisse (08.2014 et 09.2015)\u00a0<\/span><\/strong><\/li>\n<li><strong><span style=\"color: #800080;\">Animation EMS Fondation Midi \u00e0 Nyon (03.2015) <\/span><\/strong><\/li>\n<li><strong><span style=\"color: #800080;\">Show Ecole de danse Sharqi avec mes \u00e9l\u00e8ves (06.2015)<br \/>\n<\/span><\/strong><\/li>\n<li><strong><span style=\"color: #800080;\">Animation soir\u00e9e priv\u00e9e anniversaire (07.2015)<\/span><\/strong><\/li>\n<li><strong><span style=\"color: #800080;\">Animation soir\u00e9e priv\u00e9e anniversaire (09.2015)<\/span><\/strong><\/li>\n<li><strong><span style=\"color: #800080;\">Mariage Indien et Alg\u00e9rien \u00e0 l&rsquo;H\u00f4tel Palace \u00e0 Lausanne, 200 invit\u00e9s (10.2015)<br \/>\n<\/span><\/strong><\/li>\n<li><strong><span style=\"color: #800080;\">Show soir\u00e9e priv\u00e9e au Palais Oriental \u00e0 Montreux (11.2015)<\/span><\/strong><\/li>\n<li><strong><span style=\"color: #800080;\">Animation soir\u00e9e priv\u00e9e anniversaire restaurant \u00e0 Morges (02.2016)<\/span><\/strong><\/li>\n<li><strong><span style=\"color: #800080;\">Animation soir\u00e9e priv\u00e9e anniversaire au Casino \u00e0 Montreux (02.2016)<\/span><\/strong><\/li>\n<li><strong><span style=\"color: #800080;\">Show animation soir\u00e9es priv\u00e9es sur le Nil 4 soir\u00e9es de Louxor \u00e0 Assouan (03.2016)<\/span><\/strong><\/li>\n<li><span style=\"color: #800080;\"><strong>Cr\u00e9ation d&rsquo;une danse pour un groupe de dames d\u00e9butantes\u00a0afin d&rsquo;animer leur soir\u00e9e du personnel \u00e0 Morges (11.2016)<\/strong><\/span><\/li>\n<li><strong><span style=\"color: #800080;\">Animation Ecole de danse Sharqi avec mes \u00e9l\u00e8ves en plein air pour La Ram\u00eere \u00e0 Bremblens (09.2018)<\/span><\/strong><\/li>\n<li><strong><span style=\"color: #800080;\">Show Ecole de danse Sharqi avec mes \u00e9l\u00e8ves au Palais de Beaulieu pour le Salon des Femmes (10.2018)<\/span><\/strong><\/li>\n<li><strong><span style=\"color: #800080;\">Animation EMS Fondation Midi \u00e0 Nyon (04.2019)<\/span><\/strong><\/li>\n<li><strong><span style=\"color: #800080;\">Animation soir\u00e9e priv\u00e9e anniversaire (07.2019)<\/span><\/strong><\/li>\n<li><span style=\"color: #800080;\"><strong>Animation soir\u00e9e priv\u00e9e Domaine de Divonne-les-Bains duo anniversaires (10.2019)<\/strong><\/span><\/li>\n<\/ul>\n<p><a href=\"http:\/\/sharqi.ch\/wp-content\/uploads\/2015\/03\/Anniversaire-Monique-042.jpg\"><img decoding=\"async\" loading=\"lazy\" class=\"alignnone size-medium wp-image-15\" src=\"http:\/\/sharqi.ch\/wp-content\/uploads\/2015\/03\/Anniversaire-Monique-042-225x300.jpg\" alt=\"Anniversaire Monique 042\" width=\"225\" height=\"300\" srcset=\"https:\/\/sharqi.ch\/wp-content\/uploads\/2015\/03\/Anniversaire-Monique-042-225x300.jpg 225w, https:\/\/sharqi.ch\/wp-content\/uploads\/2015\/03\/Anniversaire-Monique-042-768x1024.jpg 768w, https:\/\/sharqi.ch\/wp-content\/uploads\/2015\/03\/Anniversaire-Monique-042.jpg 1728w\" sizes=\"(max-width: 225px) 100vw, 225px\" \/><\/a><a href=\"http:\/\/sharqi.ch\/wp-content\/uploads\/2015\/11\/Anniversaire-Monique-030.jpg\"><img decoding=\"async\" loading=\"lazy\" class=\"size-medium wp-image-110 alignright\" src=\"http:\/\/sharqi.ch\/wp-content\/uploads\/2015\/11\/Anniversaire-Monique-030-225x300.jpg\" alt=\"Anniversaire Monique 030\" width=\"225\" height=\"300\" srcset=\"https:\/\/sharqi.ch\/wp-content\/uploads\/2015\/11\/Anniversaire-Monique-030-225x300.jpg 225w, https:\/\/sharqi.ch\/wp-content\/uploads\/2015\/11\/Anniversaire-Monique-030-768x1024.jpg 768w, https:\/\/sharqi.ch\/wp-content\/uploads\/2015\/11\/Anniversaire-Monique-030.jpg 1728w\" sizes=\"(max-width: 225px) 100vw, 225px\" \/><\/a><a href=\"http:\/\/sharqi.ch\/wp-content\/uploads\/2016\/04\/IMG_4100-e1461687598197.jpg\"><img decoding=\"async\" loading=\"lazy\" class=\"size-medium wp-image-139 alignleft\" src=\"http:\/\/sharqi.ch\/wp-content\/uploads\/2016\/04\/IMG_4100-e1461687598197-225x300.jpg\" alt=\"IMG_4100\" width=\"225\" height=\"300\" srcset=\"https:\/\/sharqi.ch\/wp-content\/uploads\/2016\/04\/IMG_4100-e1461687598197-225x300.jpg 225w, https:\/\/sharqi.ch\/wp-content\/uploads\/2016\/04\/IMG_4100-e1461687598197-768x1024.jpg 768w\" sizes=\"(max-width: 225px) 100vw, 225px\" \/><\/a><\/p>\n<p style=\"text-align: center;\">\n","protected":false},"excerpt":{"rendered":"<p>\u00a0 Soir\u00e9es \u00e9v\u00e8nementielles D\u00e8s 2005: Spectacle chez Barnab\u00e9 \u00e0 Servion (12.2005) Amira \u00e9cole de danse orientale \u00e0 Berne (2007) Animations soir\u00e9es du personnel : Ecole h\u00f4teli\u00e8re \u00e0 Lausanne, H\u00f4tel M\u00f6venpick \u00e0 Gen\u00e8ve, H\u00f4tel Beau-Rivage \u00e0 Gen\u00e8ve, H\u00f4tel de La Paix \u00e0 Gen\u00e8ve (11.2012 et 02.2013) Show Ecole de danse Sharqi avec mes \u00e9l\u00e8ves (06.2012) Mariage &hellip; <a href=\"https:\/\/sharqi.ch\/?page_id=33\" class=\"more-link\">Continuer la lecture de <span class=\"screen-reader-text\">\u00c9v\u00e8nements<\/span>  <span class=\"meta-nav\">&rarr;<\/span><\/a><\/p>\n","protected":false},"author":1,"featured_media":0,"parent":0,"menu_order":4,"comment_status":"closed","ping_status":"closed","template":"","meta":[],"_links":{"self":[{"href":"https:\/\/sharqi.ch\/index.php?rest_route=\/wp\/v2\/pages\/33"}],"collection":[{"href":"https:\/\/sharqi.ch\/index.php?rest_route=\/wp\/v2\/pages"}],"about":[{"href":"https:\/\/sharqi.ch\/index.php?rest_route=\/wp\/v2\/types\/page"}],"author":[{"embeddable":true,"href":"https:\/\/sharqi.ch\/index.php?rest_route=\/wp\/v2\/users\/1"}],"replies":[{"embeddable":true,"href":"https:\/\/sharqi.ch\/index.php?rest_route=%2Fwp%2Fv2%2Fcomments&post=33"}],"version-history":[{"count":23,"href":"https:\/\/sharqi.ch\/index.php?rest_route=\/wp\/v2\/pages\/33\/revisions"}],"predecessor-version":[{"id":266,"href":"https:\/\/sharqi.ch\/index.php?rest_route=\/wp\/v2\/pages\/33\/revisions\/266"}],"wp:attachment":[{"href":"https:\/\/sharqi.ch\/index.php?rest_route=%2Fwp%2Fv2%2Fmedia&parent=33"}],"curies":[{"name":"wp","href":"https:\/\/api.w.org\/{rel}","templated":true}]}}